{"id":753,"date":"2018-09-12T12:04:22","date_gmt":"2018-09-12T12:04:22","guid":{"rendered":"https:\/\/apartments-angela.at\/?page_id=753"},"modified":"2022-09-20T10:33:14","modified_gmt":"2022-09-20T10:33:14","slug":"sauna","status":"publish","type":"page","link":"https:\/\/apartments-angela.at\/en\/sauna\/","title":{"rendered":"Sauna"},"content":{"rendered":"\n<h1>\n\t\tSAUNA &#8211; Wellnessbereich\n\t<\/h1>\n<h3>\n\t\tApartment in Fieberbrunn\n\t<\/h3>\n\t\t\t\t<a\n\t\t\thref=\"https:\/\/apartments-angela.at\/wp-content\/uploads\/2018\/07\/apartments-angela-sauna-wellnessbereich-fieberbrunn00001.jpg\"\n\t\t\t\t\t\tdata-fancybox=\"images\" \n\t\t\ttitle=\"apartments-angela-sauna-wellnessbereich-fieberbrunn00001\" \n\t\t\t\t\t\tdata-caption=\"\"\n\t\t\t\t\t\tdata-description=\"\" \n\t\t\titemprop=\"contentUrl\">\n\t\t\t<img loading=\"lazy\" decoding=\"async\" src=\"https:\/\/apartments-angela.at\/wp-content\/uploads\/2018\/07\/apartments-angela-sauna-wellnessbereich-fieberbrunn00001.jpg\" alt=\"\" data-no-lazy=\"1\" itemprop=\"thumbnail\" width=\"1000\" height=\"665\" \/>\n\t\t\t<!-- Overlay Wrapper -->\n\t\t\t <!-- Overlay Wrapper Closed -->\n\t\t\t\t<\/a>\n\t\t\t\t\t\t\t<meta itemprop=\"width\" content=\"1000\" \/>\n\t\t\t<meta itemprop=\"height\" content=\"665\" \/>\n\t\t\t\t<a\n\t\t\thref=\"https:\/\/apartments-angela.at\/wp-content\/uploads\/2018\/07\/apartments-angela-sauna-wellnessbereich-fieberbrunn00002.jpg\"\n\t\t\t\t\t\tdata-fancybox=\"images\" \n\t\t\ttitle=\"apartments-angela-sauna-wellnessbereich-fieberbrunn00002\" \n\t\t\t\t\t\tdata-caption=\"\"\n\t\t\t\t\t\tdata-description=\"\" \n\t\t\titemprop=\"contentUrl\">\n\t\t\t<img loading=\"lazy\" decoding=\"async\" src=\"https:\/\/apartments-angela.at\/wp-content\/uploads\/2018\/07\/apartments-angela-sauna-wellnessbereich-fieberbrunn00002.jpg\" alt=\"\" data-no-lazy=\"1\" itemprop=\"thumbnail\" width=\"1000\" height=\"666\" \/>\n\t\t\t<!-- Overlay Wrapper -->\n\t\t\t <!-- Overlay Wrapper Closed -->\n\t\t\t\t<\/a>\n\t\t\t\t\t\t\t<meta itemprop=\"width\" content=\"1000\" \/>\n\t\t\t<meta itemprop=\"height\" content=\"666\" \/>\n\t\t\t\t<a\n\t\t\thref=\"https:\/\/apartments-angela.at\/wp-content\/uploads\/2018\/07\/apartments-angela-sauna-wellnessbereich-fieberbrunn00004.jpg\"\n\t\t\t\t\t\tdata-fancybox=\"images\" \n\t\t\ttitle=\"apartments-angela-sauna-wellnessbereich-fieberbrunn00004\" \n\t\t\t\t\t\tdata-caption=\"\"\n\t\t\t\t\t\tdata-description=\"\" \n\t\t\titemprop=\"contentUrl\">\n\t\t\t<img loading=\"lazy\" decoding=\"async\" src=\"https:\/\/apartments-angela.at\/wp-content\/uploads\/2018\/07\/apartments-angela-sauna-wellnessbereich-fieberbrunn00004.jpg\" alt=\"\" data-no-lazy=\"1\" itemprop=\"thumbnail\" width=\"1000\" height=\"665\" \/>\n\t\t\t<!-- Overlay Wrapper -->\n\t\t\t <!-- Overlay Wrapper Closed -->\n\t\t\t\t<\/a>\n\t\t\t\t\t\t\t<meta itemprop=\"width\" content=\"1000\" \/>\n\t\t\t<meta itemprop=\"height\" content=\"665\" \/>\n\t\t\t\t<a\n\t\t\thref=\"https:\/\/apartments-angela.at\/wp-content\/uploads\/2018\/07\/apartments-angela-sauna-wellnessbereich-fieberbrunn00003-3-770x1024.jpg\"\n\t\t\t\t\t\tdata-fancybox=\"images\" \n\t\t\ttitle=\"apartments-angela-sauna-wellnessbereich-fieberbrunn00003-3\" \n\t\t\t\t\t\tdata-caption=\"\"\n\t\t\t\t\t\tdata-description=\"\" \n\t\t\titemprop=\"contentUrl\">\n\t\t\t<img loading=\"lazy\" decoding=\"async\" src=\"https:\/\/apartments-angela.at\/wp-content\/uploads\/2018\/07\/apartments-angela-sauna-wellnessbereich-fieberbrunn00003-3.jpg\" alt=\"\" data-no-lazy=\"1\" itemprop=\"thumbnail\" width=\"1000\" height=\"1330\" \/>\n\t\t\t<!-- Overlay Wrapper -->\n\t\t\t <!-- Overlay Wrapper Closed -->\n\t\t\t\t<\/a>\n\t\t\t\t\t\t\t<meta itemprop=\"width\" content=\"1000\" \/>\n\t\t\t<meta itemprop=\"height\" content=\"1330\" \/>\n\t\t\t\t<a\n\t\t\thref=\"https:\/\/apartments-angela.at\/wp-content\/uploads\/2018\/07\/apartments-angela-sauna-wellnessbereich-fieberbrunn00005.jpg\"\n\t\t\t\t\t\tdata-fancybox=\"images\" \n\t\t\ttitle=\"apartments-angela-sauna-wellnessbereich-fieberbrunn00005\" \n\t\t\t\t\t\tdata-caption=\"\"\n\t\t\t\t\t\tdata-description=\"\" \n\t\t\titemprop=\"contentUrl\">\n\t\t\t<img loading=\"lazy\" decoding=\"async\" src=\"https:\/\/apartments-angela.at\/wp-content\/uploads\/2018\/07\/apartments-angela-sauna-wellnessbereich-fieberbrunn00005.jpg\" alt=\"\" data-no-lazy=\"1\" itemprop=\"thumbnail\" width=\"1000\" height=\"666\" \/>\n\t\t\t<!-- Overlay Wrapper -->\n\t\t\t <!-- Overlay Wrapper Closed -->\n\t\t\t\t<\/a>\n\t\t\t\t\t\t\t<meta itemprop=\"width\" content=\"1000\" \/>\n\t\t\t<meta itemprop=\"height\" content=\"666\" \/>\n\t<h2>Saunabereich<\/h2>\n\t<p>Nach einem anstregenden Schitag kann man neue Kr\u00e4fte in unserer Sauna tanken.<\/p>\n<p>Ausgestattet mit Liegen zum Ruhen und Tr\u00e4umen bietet unser kleiner Wellnessraum eine Oase der Entspannung und Erholung.<\/p>\n\t<a href=\"http:\/\/apartments-angela.at\/apartments\/\" target=\"_self\" role=\"button\" aria-label=\"Apartment \u00dcbersicht\" rel=\"noopener\">\n\t\t\t\t\t\tApartment \u00dcbersicht\n\t\t\t\t\t<\/a>\n\n","protected":false},"excerpt":{"rendered":"<p>SAUNA &#8211; Wellnessbereich Apartment in Fieberbrunn Saunabereich Nach einem anstregenden Schitag kann man neue Kr\u00e4fte in unserer Sauna tanken. Ausgestattet mit Liegen zum Ruhen und Tr\u00e4umen bietet unser kleiner Wellnessraum eine Oase der Entspannung und Erholung. Apartment \u00dcbersicht<\/p>\n","protected":false},"author":5,"featured_media":631,"parent":0,"menu_order":0,"comment_status":"closed","ping_status":"closed","template":"","meta":{"footnotes":""},"class_list":["post-753","page","type-page","status-publish","has-post-thumbnail","hentry"],"_links":{"self":[{"href":"https:\/\/apartments-angela.at\/en\/wp-json\/wp\/v2\/pages\/753","targetHints":{"allow":["GET"]}}],"collection":[{"href":"https:\/\/apartments-angela.at\/en\/wp-json\/wp\/v2\/pages"}],"about":[{"href":"https:\/\/apartments-angela.at\/en\/wp-json\/wp\/v2\/types\/page"}],"author":[{"embeddable":true,"href":"https:\/\/apartments-angela.at\/en\/wp-json\/wp\/v2\/users\/5"}],"replies":[{"embeddable":true,"href":"https:\/\/apartments-angela.at\/en\/wp-json\/wp\/v2\/comments?post=753"}],"version-history":[{"count":9,"href":"https:\/\/apartments-angela.at\/en\/wp-json\/wp\/v2\/pages\/753\/revisions"}],"predecessor-version":[{"id":1945,"href":"https:\/\/apartments-angela.at\/en\/wp-json\/wp\/v2\/pages\/753\/revisions\/1945"}],"wp:featuredmedia":[{"embeddable":true,"href":"https:\/\/apartments-angela.at\/en\/wp-json\/wp\/v2\/media\/631"}],"wp:attachment":[{"href":"https:\/\/apartments-angela.at\/en\/wp-json\/wp\/v2\/media?parent=753"}],"curies":[{"name":"wp","href":"https:\/\/api.w.org\/{rel}","templated":true}]}}