{"id":741,"date":"2018-09-12T11:59:27","date_gmt":"2018-09-12T11:59:27","guid":{"rendered":"https:\/\/apartments-angela.at\/?page_id=741"},"modified":"2026-01-28T18:29:33","modified_gmt":"2026-01-28T18:29:33","slug":"prices","status":"publish","type":"page","link":"https:\/\/apartments-angela.at\/en\/prices\/","title":{"rendered":"Prices"},"content":{"rendered":"\n<h1>\n\t\t\tPreise\t<\/h1>\n\tFreier Eintritte im <a href=\"https:\/\/aubad.at\/ target=\" target=\"_blank\" rel=\"noopener\">\u00f6rtlichen Hallenbad und dem Saunabereich<\/a> f\u00fcr die Apartments Kitzb\u00fchler Horn, Wildseeloder und Ursula im Preis inkludiert!<br \/>\nG\u00fcltig ab 01.10.2024 bis 30.04.2025!\nFreier Eintritte im <a href=\"https:\/\/aubad.at\/ target=\" target=\"_blank\" rel=\"noopener\">\u00f6rtlichen Hallenbad<\/a> f\u00fcr Apartment Susanna im Preis inkludiert!<br \/>\nG\u00fcltig ab 01.10.2024 bis 30.04.2025!\n<h2>\n\t\t\tPreise f\u00fcr Winter Und Sommer 2026\t<\/h2>\n\t\t\t\t\t\t<h3>Saison &#8211; A<\/h3>\t\t\t\t\t\n\t\t\t<p>02.03. &#8211; 25.04.2026mindest Aufenthaltsdauer 3 N\u00e4chte02.03. &#8211; 25.04.2026<br \/>mindest Aufenthaltsdauer 7 N\u00e4chte<\/p>\t\t\n\t\t\t\t\t\t<h3>Saison &#8211; B<\/h3>\t\t\t\t\t\n\t\t\t<p><br \/>31.01. &#8211; 01.03.2026mindest Aufenthaltsdauer 7 N\u00e4chte<\/p>\t\t\n\t\t\t\t\t\t<h3>Saison &#8211; C<\/h3>\t\t\t\t\t\n\t\t\t<p>26.04. &#8211; 26.06.2026<br \/>13.09. &#8211; 15.11.2026mindest Aufenthaltsdauer 3 N\u00e4chte<\/p>\t\t\n\t\t\t\t\t\t<h3>Saison &#8211; D<\/h3>\t\t\t\t\t\n\t\t\t<p>27.06. &#8211; 12.09.2026mindest Aufenthaltsdauer 7 N\u00e4chte<\/p>\t\t\n<table  data-tablesaw-minimap>\n\t\t\t<thead>\n\t\t<tr>\n\t\t\t<th id=\"pp-table-col-1\" scope=\"col\" data-tablesaw-sortable-col>\t\t\t\t\t\n\t\t\t\t\t\t\t\t\t\t\t\tWohnungen\t\t\t\t\t\n\t\t\t\t\t<\/th><th id=\"pp-table-col-2\" scope=\"col\" data-tablesaw-sortable-col>\t\t\t\t\t\n\t\t\t\t\t\t\t\t\t\t\t\tA\t\t\t\t\t\n\t\t\t\t\t<\/th><th id=\"pp-table-col-3\" scope=\"col\" data-tablesaw-sortable-col>\t\t\t\t\t\n\t\t\t\t\t\t\t\t\t\t\t\tB\t\t\t\t\t\n\t\t\t\t\t<\/th><th id=\"pp-table-col-4\" scope=\"col\" data-tablesaw-sortable-col>\t\t\t\t\t\n\t\t\t\t\t\t\t\t\t\t\t\tC\t\t\t\t\t\n\t\t\t\t\t<\/th><th id=\"pp-table-col-5\" scope=\"col\" data-tablesaw-sortable-col>\t\t\t\t\t\n\t\t\t\t\t\t\t\t\t\t\t\tD\t\t\t\t\t\n\t\t\t\t\t<\/th>\t\t<\/tr>\n\t<\/thead>\n\t\t<tbody>\n\t\t<tr data-row-index=\"1\"><td>Kitzb\u00fchler Horn<\/td><td>237,-<\/td><td>294,-<\/td><td>185,-<\/td><td>225,-<\/td><\/tr><tr data-row-index=\"2\"><td>Wildseeloder<\/td><td>237,-<\/td><td>294,-<\/td><td>185,-<\/td><td>225,-<\/td><\/tr><tr data-row-index=\"3\"><td>Ursula<\/td><td>136,-<\/td><td>153,-<\/td><td>126,-<\/td><td>136,-<\/td><\/tr><tr data-row-index=\"4\"><td>Susanna<\/td><td>114,-<\/td><td>124,-<\/td><td>114,-<\/td><td>124,-<\/td><\/tr>\t<\/tbody>\n<\/table>\n<h2>\n\t\t\tPreise f\u00fcr Winter 2026 Und Sommer 2027\t<\/h2>\n\t\t\t\t\t\t<h3>Saison &#8211; A<\/h3>\t\t\t\t\t\n\t\t\t<p>16.11. &#8211; 18.12.2026<br \/>08.01. &#8211; 30.01.2027<br \/>01.03. &#8211; 24.04.2027mindest Aufenthaltsdauer 3 N\u00e4chte01.03. &#8211; 19.03.2027mindest Aufenthaltsdauer 7 N\u00e4chte<\/p>\t\t\n\t\t\t\t\t\t<h3>Saison &#8211; B<\/h3>\t\t\t\t\t\n\t\t\t<p>19.12.2026 &#8211; 07.01.2027<br \/>31.01. &#8211; 28.02.2027mindest Aufenthaltsdauer 7 N\u00e4chte<\/p>\t\t\n\t\t\t\t\t\t<h3>Saison &#8211; C<\/h3>\t\t\t\t\t\n\t\t\t<p>25.04. &#8211; 25.06.2027<br \/>13.09. &#8211; 14.11.2027mindest Aufenthaltsdauer 3 N\u00e4chte<\/p>\t\t\n\t\t\t\t\t\t<h3>Saison &#8211; D<\/h3>\t\t\t\t\t\n\t\t\t<p>26.06. &#8211; 12.09.2027mindest Aufenthaltsdauer \u00a07 N\u00e4chte<\/p>\t\t\n<table  data-tablesaw-minimap>\n\t\t\t<thead>\n\t\t<tr>\n\t\t\t<th id=\"pp-table-col-1\" scope=\"col\" data-tablesaw-sortable-col>\t\t\t\t\t\n\t\t\t\t\t\t\t\t\t\t\t\tWohnungen\t\t\t\t\t\n\t\t\t\t\t<\/th><th id=\"pp-table-col-2\" scope=\"col\" data-tablesaw-sortable-col>\t\t\t\t\t\n\t\t\t\t\t\t\t\t\t\t\t\tA\t\t\t\t\t\n\t\t\t\t\t<\/th><th id=\"pp-table-col-3\" scope=\"col\" data-tablesaw-sortable-col>\t\t\t\t\t\n\t\t\t\t\t\t\t\t\t\t\t\tB\t\t\t\t\t\n\t\t\t\t\t<\/th><th id=\"pp-table-col-4\" scope=\"col\" data-tablesaw-sortable-col>\t\t\t\t\t\n\t\t\t\t\t\t\t\t\t\t\t\tC\t\t\t\t\t\n\t\t\t\t\t<\/th><th id=\"pp-table-col-5\" scope=\"col\" data-tablesaw-sortable-col>\t\t\t\t\t\n\t\t\t\t\t\t\t\t\t\t\t\tD\t\t\t\t\t\n\t\t\t\t\t<\/th>\t\t<\/tr>\n\t<\/thead>\n\t\t<tbody>\n\t\t<tr data-row-index=\"1\"><td>Kitzb\u00fchler Horn<\/td><td>246,-<\/td><td>306,-<\/td><td>184,-<\/td><td>220,-<\/td><\/tr><tr data-row-index=\"2\"><td>Wildseeloder<\/td><td>246,-<\/td><td>306,-<\/td><td>184,-<\/td><td>220,-<\/td><\/tr><tr data-row-index=\"3\"><td>Ursula<\/td><td>146,-<\/td><td>161,-<\/td><td>128,-<\/td><td>139,-<\/td><\/tr><tr data-row-index=\"4\"><td>Susanna<\/td><td>119-<\/td><td>129-<\/td><td>114,-<\/td><td>124,-<\/td><\/tr>\t<\/tbody>\n<\/table>\n\t\t\t\tZusatzkosten\n\t\t\t\tKonditionen\n\t\t\t\tZahlungsm\u00f6glichkeiten\n\t\t\t\tStornobedingungen\n\t\t\t\t\t\t\tZusatzkosten\n\t\t\t\t<h3><strong>Zusatzkosten<\/strong><\/h3>\n<p><strong>Ortstaxe pro Tag:<\/strong> Erwachsene \u20ac 3,90 Kinder bis 15 Jahre frei.<br \/><strong>Endreinigung:<\/strong> Kitzb\u00fchler Horn + Wildseeloder \u20ac 100,- jeweils, Ursula \u20ac 60,-, Susanna \u20ac 60,- Hunde : pro Tag in Apartments Wildseeloder, Kitzb\u00fchler Horn und Ursula \u20ac 15,- , in Susanna \u20ac 10,- pro Tag<\/p>\n<p><strong>Anreise:<\/strong> ab 14:00 Uhr<br \/><strong>Abreise:<\/strong> bis 10:00 Uhr<\/p>\n\t\t\t\t\t\t\tKonditionen\n\t\t\t\t<h3><strong>Konditionen<\/strong><\/h3>\n<p>Anzahlung: Um Ihre Buchung zu fixieren bitten wir Sie eine Anzahlung in der H\u00f6he von 25% der Gesamtsumme leisten zu wollen. (Bankdetails siehe unten).Nach Eingang der Zahlung ist die Buchung fix reserviert.<\/p>\n\t\t\t\t\t\t\tZahlungsm\u00f6glichkeiten\n\t\t\t\t<h3 lang=\"de-DE\"><strong>Zahlungsm\u00f6glichkeiten<\/strong><\/h3>\n<ul>\n<li>per Bank\u00fcberweisung vor Ankunft<br \/><strong>Iban: AT60\u00a0 3626 3000 0421 5133<\/strong><br \/><strong>Swiftbic : RZTIAT22263<\/strong><\/li>\n<li>Bar vor Ort<\/li>\n<li><img loading=\"lazy\" decoding=\"async\" title=\"Mastercard Maestro Visa\" src=\"http:\/\/apartments-angela.at\/wp-content\/uploads\/2018\/09\/cards.jpg\" alt=\"Mastercard Maestro Visa\" width=\"200\" height=\"61\" \/><\/li>\n<\/ul>\n\t\t\t\t\t\t\tStornobedingungen\n\t\t\t\t<h3><strong>Stornobedingungen<\/strong><\/h3>\n30 Tage vor Anreise kostenlos, bis einschliesslich 10 Tage vor Anreise 50% Stornogeb\u00fchr, danach 70% von gesamten Arrangementpreis\n\u00a0\n\n","protected":false},"excerpt":{"rendered":"<p>Preise Freier Eintritte im \u00f6rtlichen Hallenbad und dem Saunabereich f\u00fcr die Apartments Kitzb\u00fchler Horn, Wildseeloder und Ursula im Preis inkludiert! G\u00fcltig ab 01.10.2024 bis 30.04.2025! Freier Eintritte im \u00f6rtlichen Hallenbad f\u00fcr Apartment Susanna im Preis inkludiert! G\u00fcltig ab 01.10.2024 bis 30.04.2025! Preise f\u00fcr Winter Und Sommer 2026 Saison &#8211; A 02.03. &#8211; 25.04.2026mindest Aufenthaltsdauer 3&hellip;<\/p>\n","protected":false},"author":5,"featured_media":0,"parent":0,"menu_order":0,"comment_status":"closed","ping_status":"closed","template":"","meta":{"footnotes":""},"class_list":["post-741","page","type-page","status-publish","hentry"],"_links":{"self":[{"href":"https:\/\/apartments-angela.at\/en\/wp-json\/wp\/v2\/pages\/741","targetHints":{"allow":["GET"]}}],"collection":[{"href":"https:\/\/apartments-angela.at\/en\/wp-json\/wp\/v2\/pages"}],"about":[{"href":"https:\/\/apartments-angela.at\/en\/wp-json\/wp\/v2\/types\/page"}],"author":[{"embeddable":true,"href":"https:\/\/apartments-angela.at\/en\/wp-json\/wp\/v2\/users\/5"}],"replies":[{"embeddable":true,"href":"https:\/\/apartments-angela.at\/en\/wp-json\/wp\/v2\/comments?post=741"}],"version-history":[{"count":11,"href":"https:\/\/apartments-angela.at\/en\/wp-json\/wp\/v2\/pages\/741\/revisions"}],"predecessor-version":[{"id":2095,"href":"https:\/\/apartments-angela.at\/en\/wp-json\/wp\/v2\/pages\/741\/revisions\/2095"}],"wp:attachment":[{"href":"https:\/\/apartments-angela.at\/en\/wp-json\/wp\/v2\/media?parent=741"}],"curies":[{"name":"wp","href":"https:\/\/api.w.org\/{rel}","templated":true}]}}