{"id":733,"date":"2018-09-12T11:56:27","date_gmt":"2018-09-12T11:56:27","guid":{"rendered":"https:\/\/apartments-angela.at\/?page_id=733"},"modified":"2025-03-06T12:27:54","modified_gmt":"2025-03-06T12:27:54","slug":"imprint","status":"publish","type":"page","link":"https:\/\/apartments-angela.at\/en\/imprint\/","title":{"rendered":"Imprint"},"content":{"rendered":"<h1>\n\t\tImprint<br \/>\n\t<\/h1>\n<h3>Responsible for the content of the website:<\/h3>\n<p><strong>Angela Wimmer<br \/>\n<\/strong>Wall 16<br \/>\nA-6391 Fieberbrunn<br \/>\nTel.:\u00a00043 664 4459770<br \/>\nFax:\u00a00043 5354 52276<\/p>\n<p><a title=\"info@apartments-angela.at\" href=\"mailto:info@apartments-angela.at\">info@apartments-angela.at<\/a><\/p>\n<hr \/>\n<h3>Webhosting \/ Programming:<\/h3>\n<p><a title=\"Klubarbeit.net\" href=\"http:\/\/www.klubarbeit.net\/\" target=\"_blank\" rel=\"noopener\"><img decoding=\"async\" src=\"\/wp-content\/uploads\/2018\/09\/klubarbeit-net.png\" alt=\"\" \/><\/a><br \/>\n<a href=\"mailto:office@klubarbeit.net\">office@klubarbeit.net<\/a><br \/>\nWeb | EDV | Multimedia<\/p>\n<hr \/>\n<h3>Austrian hotel contract conditions<\/h3>\n<p><strong>Resignation from the accommodation contract<\/strong><\/p>\n<p>(1) Bis sp\u00e4testens drei Monate vor dem vereinbarten Ankunftstag des Gastes kann der Beherbergungsvertrag ohne Entrichtung einer Stornogeb\u00fchr von beiden Vertragspartnern durch einseitige Erkl\u00e4rung aufgel\u00f6st werden. Die Stornoerkl\u00e4rung muss bis sp\u00e4testens drei Monate vor dem vereinbarten Ankunftstag des Gastes in H\u00e4nden des Vertragspartners sein.<\/p>\n<p>(2) Bis sp\u00e4testens einen Monat vor dem vereinbarten Ankunftstag des Gastes kann der Beherbergungsvertrag von beiden Vertragspartnern durch einseitige Erkl\u00e4rung aufgel\u00f6st werden, es ist jedoch eine Stornogeb\u00fchr im Ausma\u00df des Zimmerpreises f\u00fcr drei Tage zu bezahlen.<br \/>\nDie Stornoerkl\u00e4rung muss bis sp\u00e4testens einen Monat vor dem vereinbarten Ankunftstag des Gastes in den H\u00e4nden des Vertragspartners sein.<\/p>\n<p>(3) Der Beherberger hat das Recht, f\u00fcr den Fall, dass der Gast bis 18 Uhr des vereinbarten Tages nicht erscheint, vom Vertrag zur\u00fcckzutreten, es sei denn, dass ein sp\u00e4terer Ankunftszeitpunkt vereinbart wurde.<\/p>\n<p>(4) Hat der Gast eine Anzahlung geleistet, so bleibt (bleiben) dagegen der Raum (die R\u00e4ume) bis sp\u00e4testens 21 Uhr des folgenden Tages reserviert.<\/p>\n<p>(5) Auch wenn der Gast die bestellten R\u00e4ume bzw. die Pensionsleistung nicht in Anspruch nimmt, ist er dem Beherberger gegen\u00fcber zur Bezahlung des vereinbarten Entgeltes verpflichtet. Der Beherberger muss jedoch in Abzug bringen, was er sich infolge Nichtinanspruchnahme seines Leistungsangebotes erspart oder was er durch anderweitige Vermietung der bestellten R\u00e4ume erhalten hat. Erfahrungsgem\u00e4\u00df werden in den meisten F\u00e4llen die Ersparungen des Betriebes infolge des Unterbleibens der Leistung 20 Prozent des Zimmerpreises sowie 30 Prozent des Verpflegungspreises betragen.<\/p>\n<p>(6) Dem Beherberger obliegt es, sich um eine anderweitige Vermietung der nicht in Anspruch genommenen R\u00e4ume den Umst\u00e4nden entsprechend zu bem\u00fchen. (\u00a7 1107 ABGB).<\/p>\n<p>Beendigung der Beherbergung<br \/>\nWurde der Beherbergungsvertrag auf bestimmte Zeit vereinbart, so endet er mit dem Zeitablauf. Reist der Gast vorzeitig ab, so ist der Beherberger berechtigt, das volle vereinbarte Entgelt zu verlangen. Dem Beherberger obliegt es jedoch, sich um eine anderweitige Vermietung der in Anspruch genommenen R\u00e4ume, den Umst\u00fcnden entsprechend, zu bem\u00fchen.<\/p>\n<p>Es gelten die \u00f6sterreichischen Vertragsbedingungen &#8211; Download unter:<\/p>\n<p><a href=\"http:\/\/www.hotelverband.at\/down\/AGBH_061115.pdf\" target=\"_blank\" rel=\"noopener\">http:\/\/www.hotelverband.at\/down\/AGBH_061115.pdf<\/a><\/p>\n<hr \/>\n<h3>Disclaimer<\/h3>\n<p><strong>1.\u00a0content<br \/>\n<\/strong>Angela Wimmer reserves the right not to be responsible for the topicality, correctness, completeness or quality of the information provided. Liability claims against the author, which relate to material or immaterial nature, which were caused by the use or non-use of the information provided or by the use of incorrect and incomplete information are excluded, unless the author is a deliberately intentional or grossly negligent is present. All offers are non-binding. The author expressly reserves the right to change, supplement or delete parts of the pages or the entire offer without prior notice or to cease publication temporarily or permanently.<\/p>\n<p><strong>2. References and links<br \/>\n<\/strong>Insofar as reference links (&#8220;links&#8221;) are referenced directly or indirectly, which lie outside the area of responsibility of the author, the latter is only liable if he is aware of the contents and if it is technically possible and reasonable to use them in the case of illegal content prevent. For further contents and in particular for damages resulting from the use or disuse of such information, the provider of the page referred to, and not the one referring to the respective publication, is liable. This restriction applies equally to foreign entries in guest books, discussion forums and mailing lists.<\/p>\n<p><strong>3.\u00a0copyright<br \/>\n<\/strong>Angela Wimmeris endeavors to respect the copyrights of the graphics, sound documents, video sequences and texts used in all publications, to use graphics, sound documents, video sequences and texts created by him or to use license-free graphics, sound documents, video sequences and texts. The copyright for published objects created by the author remains solely with the author of the pages. Reproduction or use of such graphics, sound documents, video sequences and texts in other electronic or printed publications is not permitted without the express consent of the author.<\/p>\n<p><strong>4. Legal validity of this disclaimer<br \/>\n<\/strong>If sections or individual terms of this statement are not legal or correct, the content or validity of the other parts remain uninfluenced by this fact.<\/p>\n","protected":false},"excerpt":{"rendered":"<p>Imprint Responsible for the content of the website: Angela Wimmer Wall 16 A-6391 Fieberbrunn Tel.:\u00a00043 664 4459770 Fax:\u00a00043 5354 52276 info@apartments-angela.at Webhosting \/ Programming: office@klubarbeit.net Web | EDV | Multimedia Austrian hotel contract conditions Resignation from the accommodation contract (1) Bis sp\u00e4testens drei Monate vor dem vereinbarten Ankunftstag des Gastes kann der Beherbergungsvertrag ohne Entrichtung&hellip;<\/p>\n","protected":false},"author":5,"featured_media":0,"parent":0,"menu_order":0,"comment_status":"closed","ping_status":"closed","template":"","meta":{"footnotes":""},"class_list":["post-733","page","type-page","status-publish","hentry"],"_links":{"self":[{"href":"https:\/\/apartments-angela.at\/en\/wp-json\/wp\/v2\/pages\/733","targetHints":{"allow":["GET"]}}],"collection":[{"href":"https:\/\/apartments-angela.at\/en\/wp-json\/wp\/v2\/pages"}],"about":[{"href":"https:\/\/apartments-angela.at\/en\/wp-json\/wp\/v2\/types\/page"}],"author":[{"embeddable":true,"href":"https:\/\/apartments-angela.at\/en\/wp-json\/wp\/v2\/users\/5"}],"replies":[{"embeddable":true,"href":"https:\/\/apartments-angela.at\/en\/wp-json\/wp\/v2\/comments?post=733"}],"version-history":[{"count":6,"href":"https:\/\/apartments-angela.at\/en\/wp-json\/wp\/v2\/pages\/733\/revisions"}],"predecessor-version":[{"id":832,"href":"https:\/\/apartments-angela.at\/en\/wp-json\/wp\/v2\/pages\/733\/revisions\/832"}],"wp:attachment":[{"href":"https:\/\/apartments-angela.at\/en\/wp-json\/wp\/v2\/media?parent=733"}],"curies":[{"name":"wp","href":"https:\/\/api.w.org\/{rel}","templated":true}]}}