{"id":683,"date":"2018-09-12T09:55:26","date_gmt":"2018-09-12T09:55:26","guid":{"rendered":"https:\/\/apartments-angela.at\/?page_id=683"},"modified":"2024-10-21T11:53:21","modified_gmt":"2024-10-21T11:53:21","slug":"post-683","status":"publish","type":"page","link":"https:\/\/apartments-angela.at\/en\/","title":{"rendered":"Home"},"content":{"rendered":"\n<h1>\n\t\tApartments Angela\n\t<\/h1>\n<h3>\n\t\tim Pillerseetal der Kitzb\u00fcheler Alpen\n\t<\/h3>\n\t<h3>Herzlich Willkommen!<\/h3>\n<p>In einer Traumlage am Sonnenhang befinden sich die vier Ferienapartments Angela. Vom Wilden Kaiser \u00fcber das Kitzb\u00fcheler Horn bis hin zum Fieberbrunner Wildseelodermassiv bietet sich Ihnen von Balkon und Terrasse der Apartments aus eine eindrucksvolle Landschaftskulisse.<\/p>\n<p>Traumhafte Umgebung sowie Komfort der luxuri\u00f6s gem\u00fctlichen Apartments sorgen f\u00fcr ein perfektes Urlaubserlebnis!<\/p>\n<strong><br \/>\nWir freuen uns auf Sie!<\/strong>\nHerzliche Gr\u00fc\u00dfe,<br \/>\nAngela &amp; Matthias\n<p>&nbsp;<\/p>\n<p>&nbsp;<\/p>\n<p>&nbsp;<\/p>\n\t<h2>Apartments &amp; Preise<\/h2>\n\tUntergebracht in 3 direkt benachbarten<br \/>\nH\u00e4user liegen\u00a0unsere Ferienwohnungen in<br \/>\nsehr sonnigen und ruhigen Lage&#8230;\n\t<a href=\"http:\/\/apartments-angela.at\/apartments\/\" target=\"_self\" role=\"button\" aria-label=\"Apartments &#038; Preise\" rel=\"noopener\">\n\t\t\t\t\t\tApartments &#038; Preise\n\t\t\t\t\t<\/a>\n<h3>\n\t\tFIEBERBRUNN\n\t<\/h3>\n\t\t\t\t<img decoding=\"async\" src=\"http:\/\/apartments-angela.at\/relaunch2018\/wp-content\/uploads\/2018\/06\/groesstes-skigebiet-300x94.png\" alt=\"REGION FIEBERBRUNN\" itemprop=\"image\" onerror=\"this.style.display='none'\"  \/>\n\t<h2>Winter &amp; Sommer<\/h2>\n\t<p>Das Pillerseetal bietet nicht nur eine Vielfalt an Wintersportm\u00f6glichkeiten, sondern stellt auch die Grundlage f\u00fcr einen Erholungs- und Entspannungsurlaub.<\/p>\n\t<h3>Autofrei urlauben und Vorteile genie\u00dfen!<\/h3>\n\t<p>Im PillerseeTal in den Kitzb\u00fcheler werden umweltbewusste G\u00e4ste belohnt. So Bieten wir Ihnen bei Zuganreise zahlreiche Vorteile:<\/p>\n<ul>\n<li>Stressfreie, staufreie und <strong>nachhalitge Anreise<\/strong> mit der Bahn<\/li>\n<li><strong>Vier Bahnh\u00f6fe<\/strong> in der Region bzw. in unmittelbarer N\u00e4he<\/li>\n<li><strong>Kostenloser Shuttle<\/strong> vom Bahnhof zur Unterkunft und retour<\/li>\n<li>Kostenlose Nutzung des\u00a0<strong>Mobilit\u00e4tsangebotes in der Region<\/strong><\/li>\n<\/ul>\n<p>N\u00e4here Infos auf <a href=\"http:\/\/www.autofrei.tirol\" target=\"_blank\" rel=\"noopener\">www.autofrei.tirol<\/a><\/p>\n\t\t\t<a href=\"https:\/\/apartments-angela.at\/en\/region\/\" target=\"_self\" rel=\"noopener\">\n\t\t\t\t\t\t\t\tAktivit\u00e4ten in der Region\n\t\t\t\t\t\t\t<\/a>\n\t\t\t<a href=\"https:\/\/apartments-angela.at\/en\/events\/\" target=\"_self\" rel=\"noopener\">\n\t\t\t\t\t\t\t\tVeranstaltungen\n\t\t\t\t\t\t\t<\/a>\n\n","protected":false},"excerpt":{"rendered":"<p>Apartments Angela im Pillerseetal der Kitzb\u00fcheler Alpen Herzlich Willkommen! In einer Traumlage am Sonnenhang befinden sich die vier Ferienapartments Angela. Vom Wilden Kaiser \u00fcber das Kitzb\u00fcheler Horn bis hin zum Fieberbrunner Wildseelodermassiv bietet sich Ihnen von Balkon und Terrasse der Apartments aus eine eindrucksvolle Landschaftskulisse. Traumhafte Umgebung sowie Komfort der luxuri\u00f6s gem\u00fctlichen Apartments sorgen f\u00fcr&hellip;<\/p>\n","protected":false},"author":5,"featured_media":0,"parent":0,"menu_order":0,"comment_status":"closed","ping_status":"closed","template":"","meta":{"footnotes":""},"class_list":["post-683","page","type-page","status-publish","hentry"],"_links":{"self":[{"href":"https:\/\/apartments-angela.at\/en\/wp-json\/wp\/v2\/pages\/683","targetHints":{"allow":["GET"]}}],"collection":[{"href":"https:\/\/apartments-angela.at\/en\/wp-json\/wp\/v2\/pages"}],"about":[{"href":"https:\/\/apartments-angela.at\/en\/wp-json\/wp\/v2\/types\/page"}],"author":[{"embeddable":true,"href":"https:\/\/apartments-angela.at\/en\/wp-json\/wp\/v2\/users\/5"}],"replies":[{"embeddable":true,"href":"https:\/\/apartments-angela.at\/en\/wp-json\/wp\/v2\/comments?post=683"}],"version-history":[{"count":20,"href":"https:\/\/apartments-angela.at\/en\/wp-json\/wp\/v2\/pages\/683\/revisions"}],"predecessor-version":[{"id":2014,"href":"https:\/\/apartments-angela.at\/en\/wp-json\/wp\/v2\/pages\/683\/revisions\/2014"}],"wp:attachment":[{"href":"https:\/\/apartments-angela.at\/en\/wp-json\/wp\/v2\/media?parent=683"}],"curies":[{"name":"wp","href":"https:\/\/api.w.org\/{rel}","templated":true}]}}